{"id":147,"date":"2022-12-19T19:35:50","date_gmt":"2022-12-19T22:35:50","guid":{"rendered":"http:\/\/192.168.0.200:5128\/wordpress\/?page_id=147"},"modified":"2023-07-09T21:30:39","modified_gmt":"2023-07-10T00:30:39","slug":"a-cerca-de","status":"publish","type":"page","link":"\/?page_id=147","title":{"rendered":"A cerca de"},"content":{"rendered":"<p>[et_pb_section fb_built=\u00bb1&#8243; _builder_version=\u00bb4.19.3&#8243; _module_preset=\u00bbdefault\u00bb global_colors_info=\u00bb{}\u00bb][et_pb_row column_structure=\u00bb3_5,2_5&#8243; _builder_version=\u00bb4.19.3&#8243; _module_preset=\u00bbdefault\u00bb min_height=\u00bb552.6px\u00bb custom_margin=\u00bb-24px|auto||auto||\u00bb global_colors_info=\u00bb{}\u00bb][et_pb_column type=\u00bb3_5&#8243; _builder_version=\u00bb4.19.3&#8243; _module_preset=\u00bbdefault\u00bb global_colors_info=\u00bb{}\u00bb][et_pb_text _builder_version=\u00bb4.19.3&#8243; _module_preset=\u00bbdefault\u00bb hover_enabled=\u00bb0&#8243; global_colors_info=\u00bb{}\u00bb admin_label=\u00bbTexto\u00bb sticky_enabled=\u00bb0&#8243;]<\/p>\n<p style=\"text-align: center;\"><span style=\"text-decoration: underline; font-weight: normal; font-family: Bad Script; font-size: medium;\"><\/span><\/p>\n<p style=\"text-align: center;\"><span style=\"font-size: medium;\"><em><span style=\"font-weight: normal; font-family: Alatsi;\"><span class=\"ss\"><img decoding=\"async\" draggable=\"false\" role=\"img\" class=\"emoji\" alt=\"\ud83d\udcab\" src=\"https:\/\/s.w.org\/images\/core\/emoji\/14.0.0\/svg\/1f4ab.svg\" width=\"25\" height=\"25\" \/> <\/span>Bienvenidos a nuestro mundo so\u00f1ador, el mundo creativo de <\/span><\/em><\/span><\/p>\n<p style=\"text-align: center;\"><span style=\"font-size: medium;\"><em><span style=\"font-weight: normal; font-family: Alatsi;\">Chincho Poroto Cer\u00e1mica! <span class=\"ss\"><img decoding=\"async\" draggable=\"false\" role=\"img\" class=\"emoji\" alt=\"\ud83d\udcab\" src=\"https:\/\/s.w.org\/images\/core\/emoji\/14.0.0\/svg\/1f4ab.svg\" width=\"25\" height=\"25\" \/><\/span><\/span><\/em><\/span><\/p>\n<p style=\"text-align: center;\"><span style=\"font-weight: normal; font-size: medium; font-family: Alatsi;\"><\/span><\/p>\n<p style=\"text-align: center;\"><span style=\"font-weight: normal; font-size: medium; font-family: Alatsi;\"><\/span><\/p>\n<p style=\"text-align: center;\"><span style=\"font-weight: normal; font-size: medium; font-family: Alatsi;\"><\/span><\/p>\n<p style=\"text-align: center;\"><span style=\"font-weight: normal; font-size: small; font-family: Alatsi;\">Para nosotros Chincho Poroto Cer\u00e1mica es nuestro proyecto,\u00a0 es como so\u00f1ar despiertos, nos desconectamos e inspiramos con lo que amamos,\u00a0 el arte por la cer\u00e1mica<\/span>.<\/p>\n<p style=\"text-align: center;\"><span style=\"font-family: Aubrey; font-weight: normal; font-size: small;\"><\/span><\/p>\n<p style=\"text-align: center;\"><span style=\"font-family: Aubrey; font-weight: normal; font-size: small;\">Pasen y vean<img decoding=\"async\" draggable=\"false\" role=\"img\" class=\"emoji\" alt=\"\ud83d\udc9b\" src=\"https:\/\/s.w.org\/images\/core\/emoji\/14.0.0\/svg\/1f49b.svg\" width=\"21\" height=\"21\" \/>\u00a0<\/span><\/p>\n<p>[\/et_pb_text][\/et_pb_column][et_pb_column type=\u00bb2_5&#8243; _builder_version=\u00bb4.19.3&#8243; _module_preset=\u00bbdefault\u00bb global_colors_info=\u00bb{}\u00bb][et_pb_image src=\u00bbhttp:\/\/www.chinchoporotoceramica.com.ar\/wp-content\/uploads\/2023\/07\/20230709_2121591-scaled.jpg\u00bb title_text=\u00bb20230709_212159%911%93&#8243; _builder_version=\u00bb4.19.3&#8243; _module_preset=\u00bbdefault\u00bb box_shadow_style=\u00bbpreset1&#8243; global_colors_info=\u00bb{}\u00bb admin_label=\u00bbImagen\u00bb hover_enabled=\u00bb0&#8243; sticky_enabled=\u00bb0&#8243;][\/et_pb_image][\/et_pb_column][\/et_pb_row][\/et_pb_section]<\/p>\n","protected":false},"excerpt":{"rendered":"<p>Bienvenidos a nuestro mundo so\u00f1ador, el mundo creativo de Chincho Poroto Cer\u00e1mica! Para nosotros Chincho Poroto Cer\u00e1mica es nuestro proyecto,\u00a0 es como so\u00f1ar despiertos, nos desconectamos e inspiramos con lo que amamos,\u00a0 el arte por la cer\u00e1mica. Pasen y vean\u00a0<\/p>\n","protected":false},"author":1,"featured_media":0,"parent":0,"menu_order":0,"comment_status":"closed","ping_status":"closed","template":"","meta":{"_et_pb_use_builder":"on","_et_pb_old_content":"","_et_gb_content_width":"","footnotes":""},"class_list":["post-147","page","type-page","status-publish","hentry"],"_links":{"self":[{"href":"\/index.php?rest_route=\/wp\/v2\/pages\/147","targetHints":{"allow":["GET"]}}],"collection":[{"href":"\/index.php?rest_route=\/wp\/v2\/pages"}],"about":[{"href":"\/index.php?rest_route=\/wp\/v2\/types\/page"}],"author":[{"embeddable":true,"href":"\/index.php?rest_route=\/wp\/v2\/users\/1"}],"replies":[{"embeddable":true,"href":"\/index.php?rest_route=%2Fwp%2Fv2%2Fcomments&post=147"}],"version-history":[{"count":7,"href":"\/index.php?rest_route=\/wp\/v2\/pages\/147\/revisions"}],"predecessor-version":[{"id":434,"href":"\/index.php?rest_route=\/wp\/v2\/pages\/147\/revisions\/434"}],"wp:attachment":[{"href":"\/index.php?rest_route=%2Fwp%2Fv2%2Fmedia&parent=147"}],"curies":[{"name":"wp","href":"https:\/\/api.w.org\/{rel}","templated":true}]}}