{"id":317,"date":"2022-12-28T07:37:14","date_gmt":"2022-12-28T10:37:14","guid":{"rendered":"http:\/\/www.chinchoporotoceramica.com.ar\/?post_type=product&#038;p=317"},"modified":"2025-08-02T21:01:13","modified_gmt":"2025-08-03T00:01:13","slug":"terrario-copa","status":"publish","type":"product","link":"\/?product=terrario-copa","title":{"rendered":"Terrario Copa"},"content":{"rendered":"<p>Pieza \u00fanica, realizada en cer\u00e1mica, modelada y pintada completamente a mano, por esta raz\u00f3n los colores y detalles pueden variar un poco de la imagen publicada y pueden tener peque\u00f1as variaciones de tama\u00f1o.<\/p>\n<p><em>\u00bfC\u00d3MO COMPRO?<\/em><\/p>\n<p><strong>Si viv\u00eds en Mar del Plata<\/strong>: Podes retirar sin costo adicional en la zona de Sim\u00f3n Bolivar y Mitre. Sino te lo llevamos a tu casa con un costo adicional extra,en cualquiera de las opciones que elijas contactanos por WhatsApp al (223) 4370058 asi te ayudamos!<\/p>\n<p><strong>Si no viv\u00eds en Mar del Plata<\/strong>: Podes comprar de forma online desde este sitio. Eleg\u00ed los productos que quieras de las distintas categor\u00edas y agregalas a tu carrito. Una vez que terminaste de elegir hace click en \u00abFinalizar compra\u00bb. Te lo enviamos por encomienda y de forma segura y r\u00e1pida por Via Cargo, Ruta Atl\u00e1ntica, Oca o Andreani.<\/p>\n<p>Record\u00e1 siempre colocar tu direcci\u00f3n, localidad, provincia y c\u00f3digo postal.<\/p>\n<p><em>\u00bfC\u00d3MO ABONO MI COMPRA?<\/em><\/p>\n<p>Pod\u00e9s abonar en EFECTIVO, TRANSFERENCIA BANCARIA, MERCADO PAGO o CUENTA DNI (CON ESTAS DOS ULTIMAS BILLETERAS VIRTUALES NO REALIZAMOS EL DESCUENTO DEL 10%).<\/p>\n","protected":false},"excerpt":{"rendered":"<p>Terrario en copa de vino con mini casitas en cer\u00e1mica y dem\u00e1s detalles que enamoran<\/p>\n<p>&nbsp;<\/p>\n<p>&nbsp;<\/p>\n<p>&nbsp;<\/p>\n<div class='et-box et-shadow'>\n\t\t\t\t\t<div class='et-box-content'><h5 style=\"text-align: left; letter-spacing: 2px;\"> 10% EFECTIVO <\/h5><\/div><\/div>\n","protected":false},"featured_media":321,"comment_status":"closed","ping_status":"closed","template":"","meta":{"_et_pb_use_builder":"","_et_pb_old_content":"","_et_gb_content_width":""},"product_brand":[],"product_cat":[27,23],"product_tag":[41,84,40],"class_list":{"0":"post-317","1":"product","2":"type-product","3":"status-publish","4":"has-post-thumbnail","6":"product_cat-destacados","7":"product_cat-jardin","8":"product_tag-copa","9":"product_tag-plantitas","10":"product_tag-terrario","12":"first","13":"instock","14":"shipping-taxable","15":"purchasable","16":"product-type-simple"},"_links":{"self":[{"href":"\/index.php?rest_route=\/wp\/v2\/product\/317","targetHints":{"allow":["GET"]}}],"collection":[{"href":"\/index.php?rest_route=\/wp\/v2\/product"}],"about":[{"href":"\/index.php?rest_route=\/wp\/v2\/types\/product"}],"replies":[{"embeddable":true,"href":"\/index.php?rest_route=%2Fwp%2Fv2%2Fcomments&post=317"}],"wp:featuredmedia":[{"embeddable":true,"href":"\/index.php?rest_route=\/wp\/v2\/media\/321"}],"wp:attachment":[{"href":"\/index.php?rest_route=%2Fwp%2Fv2%2Fmedia&parent=317"}],"wp:term":[{"taxonomy":"product_brand","embeddable":true,"href":"\/index.php?rest_route=%2Fwp%2Fv2%2Fproduct_brand&post=317"},{"taxonomy":"product_cat","embeddable":true,"href":"\/index.php?rest_route=%2Fwp%2Fv2%2Fproduct_cat&post=317"},{"taxonomy":"product_tag","embeddable":true,"href":"\/index.php?rest_route=%2Fwp%2Fv2%2Fproduct_tag&post=317"}],"curies":[{"name":"wp","href":"https:\/\/api.w.org\/{rel}","templated":true}]}}